{"id":1422,"date":"2023-07-17T09:41:44","date_gmt":"2023-07-17T09:41:44","guid":{"rendered":"https:\/\/www.vert-demain-paysage.com\/?page_id=1422"},"modified":"2026-04-27T11:26:56","modified_gmt":"2026-04-27T11:26:56","slug":"realisations","status":"publish","type":"page","link":"https:\/\/www.vert-demain-paysage.com\/?page_id=1422","title":{"rendered":"Nos R\u00e9alisations"},"content":{"rendered":"\t\t<div data-elementor-type=\"wp-page\" data-elementor-id=\"1422\" class=\"elementor elementor-1422\">\n\t\t\t\t\t\t<section class=\"elementor-section elementor-top-section elementor-element elementor-element-2c5d2e1c elementor-section-content-middle elementor-section-height-min-height elementor-section-boxed elementor-section-height-default elementor-section-items-middle exad-glass-effect-no exad-sticky-section-no\" data-id=\"2c5d2e1c\" data-element_type=\"section\" data-e-type=\"section\" data-settings=\"{&quot;background_background&quot;:&quot;classic&quot;}\">\n\t\t\t\t\t\t\t<div class=\"elementor-background-overlay\"><\/div>\n\t\t\t\t\t\t\t<div class=\"elementor-container elementor-column-gap-default\">\n\t\t\t\t\t<div class=\"elementor-column elementor-col-100 elementor-top-column elementor-element elementor-element-448609c5 exad-glass-effect-no exad-sticky-section-no\" data-id=\"448609c5\" data-element_type=\"column\" data-e-type=\"column\" data-settings=\"{&quot;background_background&quot;:&quot;classic&quot;}\">\n\t\t\t<div class=\"elementor-widget-wrap elementor-element-populated\">\n\t\t\t\t\t\t<div class=\"elementor-element elementor-element-2b7baca7 exad-sticky-section-no exad-glass-effect-no elementor-widget elementor-widget-heading\" data-id=\"2b7baca7\" data-element_type=\"widget\" data-e-type=\"widget\" data-widget_type=\"heading.default\">\n\t\t\t\t<div class=\"elementor-widget-container\">\n\t\t\t\t\t<h2 class=\"elementor-heading-title elementor-size-default\">Nos R\u00e9alisations<\/h2>\t\t\t\t<\/div>\n\t\t\t\t<\/div>\n\t\t\t\t<div class=\"elementor-element elementor-element-133a7844 elementor-icon-list--layout-inline elementor-align-center elementor-mobile-align-center elementor-list-item-link-full_width exad-sticky-section-no exad-glass-effect-no elementor-widget elementor-widget-icon-list\" data-id=\"133a7844\" data-element_type=\"widget\" data-e-type=\"widget\" data-widget_type=\"icon-list.default\">\n\t\t\t\t<div class=\"elementor-widget-container\">\n\t\t\t\t\t\t\t<ul class=\"elementor-icon-list-items elementor-inline-items\">\n\t\t\t\t\t\t\t<li class=\"elementor-icon-list-item elementor-inline-item\">\n\t\t\t\t\t\t\t\t\t\t<span class=\"elementor-icon-list-text\">Accueil<\/span>\n\t\t\t\t\t\t\t\t\t<\/li>\n\t\t\t\t\t\t\t\t<li class=\"elementor-icon-list-item elementor-inline-item\">\n\t\t\t\t\t\t\t\t\t\t\t<span class=\"elementor-icon-list-icon\">\n\t\t\t\t\t\t\t<i aria-hidden=\"true\" class=\"fas fa-chevron-right\"><\/i>\t\t\t\t\t\t<\/span>\n\t\t\t\t\t\t\t\t\t\t<span class=\"elementor-icon-list-text\">R\u00e9alisations<\/span>\n\t\t\t\t\t\t\t\t\t<\/li>\n\t\t\t\t\t\t<\/ul>\n\t\t\t\t\t\t<\/div>\n\t\t\t\t<\/div>\n\t\t\t\t\t<\/div>\n\t\t<\/div>\n\t\t\t\t\t<\/div>\n\t\t<\/section>\n\t\t\t\t<section class=\"elementor-section elementor-top-section elementor-element elementor-element-4fd5ef0 elementor-section-full_width elementor-section-height-default elementor-section-height-default exad-glass-effect-no exad-sticky-section-no\" data-id=\"4fd5ef0\" data-element_type=\"section\" data-e-type=\"section\">\n\t\t\t\t\t\t<div class=\"elementor-container elementor-column-gap-default\">\n\t\t\t\t\t<div class=\"elementor-column elementor-col-100 elementor-top-column elementor-element elementor-element-7dae2d0 exad-glass-effect-no exad-sticky-section-no\" data-id=\"7dae2d0\" data-element_type=\"column\" data-e-type=\"column\">\n\t\t\t<div class=\"elementor-widget-wrap elementor-element-populated\">\n\t\t\t\t\t\t<div class=\"elementor-element elementor-element-5f1de73 exad-sticky-section-no exad-glass-effect-no elementor-widget elementor-widget-exad-filterable-gallery\" data-id=\"5f1de73\" data-element_type=\"widget\" data-e-type=\"widget\" data-widget_type=\"exad-filterable-gallery.default\">\n\t\t\t\t<div class=\"elementor-widget-container\">\n\t\t\t\t\t\r\n        <div id =\"exad-filterable-gallery-id-5f1de73\" class=\"exad-gallery-items\">\r\n            <div class=\"exad-gallery-one exad-gallery-wrapper\">\r\n                                <div class=\"exad-gallery-menu\">\r\n                                                <button data-filter=\"*\" class=\"filter-item current\">Toutes Nos R\u00e9alisations<\/button>\r\n                                            <\/div>\r\n                    \r\n                <div id=\"filters-5f1de73\" class=\"exad-gallery-element\">\r\n                                        <div class=\"exad-gallery-item  exad-col-3\">\r\n                            <div class=\"exad-gallery-content-wrapper\">\r\n                                <div class=\"exad-gallery-image\">\r\n                                \r\n                                    <div class=\"exad-gallery-thumbnail-holder\" style=\"background-image: url('https:\/\/www.vert-demain-paysage.com\/wp-content\/uploads\/2026\/04\/Apres-Paulx-4-scaled.jpeg');\"><\/div>\r\n                                        <div class=\"exad-gallery-item-overlay exad-zoom-in\">\r\n                                            <div class=\"exad-gallery-item-overlay-content\">\r\n                                                                                            <div class=\"exad-fg-icons\">\r\n                                                \r\n                                                        <a href=\"https:\/\/www.vert-demain-paysage.com\/wp-content\/uploads\/2026\/04\/Apres-Paulx-4-scaled.jpeg\" data-elementor-open-lightbox=\"default\" data-elementor-lightbox-slideshow=\"5f1de73\" data-elementor-lightbox-index=\"0\">\r\n                                                            <i aria-hidden=\"true\" class=\"fas fa-photo-video\"><\/i>                                                        <\/a>\r\n                                                                                                    <\/div>\r\n                                            <div class=\"exad-gallery-item-content\"><\/div>                                        <\/div>\r\n                                    <\/div>\r\n                                <\/div>\r\n                                                            <\/div>\r\n                        <\/div>\r\n                                                <div class=\"exad-gallery-item  exad-col-3\">\r\n                            <div class=\"exad-gallery-content-wrapper\">\r\n                                <div class=\"exad-gallery-image\">\r\n                                \r\n                                    <div class=\"exad-gallery-thumbnail-holder\" style=\"background-image: url('https:\/\/www.vert-demain-paysage.com\/wp-content\/uploads\/2026\/04\/Apres-Paulx-3-scaled.jpeg');\"><\/div>\r\n                                        <div class=\"exad-gallery-item-overlay exad-zoom-in\">\r\n                                            <div class=\"exad-gallery-item-overlay-content\">\r\n                                                                                            <div class=\"exad-fg-icons\">\r\n                                                \r\n                                                        <a href=\"https:\/\/www.vert-demain-paysage.com\/wp-content\/uploads\/2026\/04\/Apres-Paulx-3-scaled.jpeg\" data-elementor-open-lightbox=\"default\" data-elementor-lightbox-slideshow=\"5f1de73\" data-elementor-lightbox-index=\"1\">\r\n                                                            <i aria-hidden=\"true\" class=\"fas fa-photo-video\"><\/i>                                                        <\/a>\r\n                                                                                                    <\/div>\r\n                                            <div class=\"exad-gallery-item-content\"><\/div>                                        <\/div>\r\n                                    <\/div>\r\n                                <\/div>\r\n                                                            <\/div>\r\n                        <\/div>\r\n                                                <div class=\"exad-gallery-item  exad-col-3\">\r\n                            <div class=\"exad-gallery-content-wrapper\">\r\n                                <div class=\"exad-gallery-image\">\r\n                                \r\n                                    <div class=\"exad-gallery-thumbnail-holder\" style=\"background-image: url('https:\/\/www.vert-demain-paysage.com\/wp-content\/uploads\/2026\/04\/Apres-Pont-St-Martin-scaled.jpeg');\"><\/div>\r\n                                        <div class=\"exad-gallery-item-overlay exad-zoom-in\">\r\n                                            <div class=\"exad-gallery-item-overlay-content\">\r\n                                                                                            <div class=\"exad-fg-icons\">\r\n                                                \r\n                                                        <a href=\"https:\/\/www.vert-demain-paysage.com\/wp-content\/uploads\/2026\/04\/Apres-Pont-St-Martin-scaled.jpeg\" data-elementor-open-lightbox=\"default\" data-elementor-lightbox-slideshow=\"5f1de73\" data-elementor-lightbox-index=\"2\">\r\n                                                            <i aria-hidden=\"true\" class=\"fas fa-photo-video\"><\/i>                                                        <\/a>\r\n                                                                                                    <\/div>\r\n                                            <div class=\"exad-gallery-item-content\"><\/div>                                        <\/div>\r\n                                    <\/div>\r\n                                <\/div>\r\n                                                            <\/div>\r\n                        <\/div>\r\n                                                <div class=\"exad-gallery-item  exad-col-3\">\r\n                            <div class=\"exad-gallery-content-wrapper\">\r\n                                <div class=\"exad-gallery-image\">\r\n                                \r\n                                    <div class=\"exad-gallery-thumbnail-holder\" style=\"background-image: url('https:\/\/www.vert-demain-paysage.com\/wp-content\/uploads\/2026\/04\/Cloture-et-portillon-Bouaye-1-scaled.jpeg');\"><\/div>\r\n                                        <div class=\"exad-gallery-item-overlay exad-zoom-in\">\r\n                                            <div class=\"exad-gallery-item-overlay-content\">\r\n                                                                                            <div class=\"exad-fg-icons\">\r\n                                                \r\n                                                        <a href=\"https:\/\/www.vert-demain-paysage.com\/wp-content\/uploads\/2026\/04\/Cloture-et-portillon-Bouaye-1-scaled.jpeg\" data-elementor-open-lightbox=\"default\" data-elementor-lightbox-slideshow=\"5f1de73\" data-elementor-lightbox-index=\"3\">\r\n                                                            <i aria-hidden=\"true\" class=\"fas fa-photo-video\"><\/i>                                                        <\/a>\r\n                                                                                                    <\/div>\r\n                                            <div class=\"exad-gallery-item-content\"><\/div>                                        <\/div>\r\n                                    <\/div>\r\n                                <\/div>\r\n                                                            <\/div>\r\n                        <\/div>\r\n                                                <div class=\"exad-gallery-item  exad-col-3\">\r\n                            <div class=\"exad-gallery-content-wrapper\">\r\n                                <div class=\"exad-gallery-image\">\r\n                                \r\n                                    <div class=\"exad-gallery-thumbnail-holder\" style=\"background-image: url('https:\/\/www.vert-demain-paysage.com\/wp-content\/uploads\/2026\/04\/Apres-Pavage.jpeg');\"><\/div>\r\n                                        <div class=\"exad-gallery-item-overlay exad-zoom-in\">\r\n                                            <div class=\"exad-gallery-item-overlay-content\">\r\n                                                                                            <div class=\"exad-fg-icons\">\r\n                                                \r\n                                                        <a href=\"https:\/\/www.vert-demain-paysage.com\/wp-content\/uploads\/2026\/04\/Apres-Pavage.jpeg\" data-elementor-open-lightbox=\"default\" data-elementor-lightbox-slideshow=\"5f1de73\" data-elementor-lightbox-index=\"4\">\r\n                                                            <i aria-hidden=\"true\" class=\"fas fa-photo-video\"><\/i>                                                        <\/a>\r\n                                                                                                    <\/div>\r\n                                            <div class=\"exad-gallery-item-content\"><\/div>                                        <\/div>\r\n                                    <\/div>\r\n                                <\/div>\r\n                                                            <\/div>\r\n                        <\/div>\r\n                                                <div class=\"exad-gallery-item  exad-col-3\">\r\n                            <div class=\"exad-gallery-content-wrapper\">\r\n                                <div class=\"exad-gallery-image\">\r\n                                \r\n                                    <div class=\"exad-gallery-thumbnail-holder\" style=\"background-image: url('https:\/\/www.vert-demain-paysage.com\/wp-content\/uploads\/2026\/04\/Apres-St-Co-scaled.jpeg');\"><\/div>\r\n                                        <div class=\"exad-gallery-item-overlay exad-zoom-in\">\r\n                                            <div class=\"exad-gallery-item-overlay-content\">\r\n                                                                                            <div class=\"exad-fg-icons\">\r\n                                                \r\n                                                        <a href=\"https:\/\/www.vert-demain-paysage.com\/wp-content\/uploads\/2026\/04\/Apres-St-Co-scaled.jpeg\" data-elementor-open-lightbox=\"default\" data-elementor-lightbox-slideshow=\"5f1de73\" data-elementor-lightbox-index=\"5\">\r\n                                                            <i aria-hidden=\"true\" class=\"fas fa-photo-video\"><\/i>                                                        <\/a>\r\n                                                                                                    <\/div>\r\n                                            <div class=\"exad-gallery-item-content\"><\/div>                                        <\/div>\r\n                                    <\/div>\r\n                                <\/div>\r\n                                                            <\/div>\r\n                        <\/div>\r\n                                                <div class=\"exad-gallery-item  exad-col-3\">\r\n                            <div class=\"exad-gallery-content-wrapper\">\r\n                                <div class=\"exad-gallery-image\">\r\n                                \r\n                                    <div class=\"exad-gallery-thumbnail-holder\" style=\"background-image: url('https:\/\/www.vert-demain-paysage.com\/wp-content\/uploads\/2026\/04\/devant-porte-Vertou-1-scaled.jpeg');\"><\/div>\r\n                                        <div class=\"exad-gallery-item-overlay exad-zoom-in\">\r\n                                            <div class=\"exad-gallery-item-overlay-content\">\r\n                                                                                            <div class=\"exad-fg-icons\">\r\n                                                \r\n                                                        <a href=\"https:\/\/www.vert-demain-paysage.com\/wp-content\/uploads\/2026\/04\/devant-porte-Vertou-1-scaled.jpeg\" data-elementor-open-lightbox=\"default\" data-elementor-lightbox-slideshow=\"5f1de73\" data-elementor-lightbox-index=\"6\">\r\n                                                            <i aria-hidden=\"true\" class=\"fas fa-photo-video\"><\/i>                                                        <\/a>\r\n                                                                                                    <\/div>\r\n                                            <div class=\"exad-gallery-item-content\"><\/div>                                        <\/div>\r\n                                    <\/div>\r\n                                <\/div>\r\n                                                            <\/div>\r\n                        <\/div>\r\n                                                <div class=\"exad-gallery-item  exad-col-3\">\r\n                            <div class=\"exad-gallery-content-wrapper\">\r\n                                <div class=\"exad-gallery-image\">\r\n                                \r\n                                    <div class=\"exad-gallery-thumbnail-holder\" style=\"background-image: url('https:\/\/www.vert-demain-paysage.com\/wp-content\/uploads\/2026\/04\/Cloture-Bouaye-scaled.jpeg');\"><\/div>\r\n                                        <div class=\"exad-gallery-item-overlay exad-zoom-in\">\r\n                                            <div class=\"exad-gallery-item-overlay-content\">\r\n                                                                                            <div class=\"exad-fg-icons\">\r\n                                                \r\n                                                        <a href=\"https:\/\/www.vert-demain-paysage.com\/wp-content\/uploads\/2026\/04\/Cloture-Bouaye-scaled.jpeg\" data-elementor-open-lightbox=\"default\" data-elementor-lightbox-slideshow=\"5f1de73\" data-elementor-lightbox-index=\"7\">\r\n                                                            <i aria-hidden=\"true\" class=\"fas fa-photo-video\"><\/i>                                                        <\/a>\r\n                                                                                                    <\/div>\r\n                                            <div class=\"exad-gallery-item-content\"><\/div>                                        <\/div>\r\n                                    <\/div>\r\n                                <\/div>\r\n                                                            <\/div>\r\n                        <\/div>\r\n                                                <div class=\"exad-gallery-item  exad-col-3\">\r\n                            <div class=\"exad-gallery-content-wrapper\">\r\n                                <div class=\"exad-gallery-image\">\r\n                                \r\n                                    <div class=\"exad-gallery-thumbnail-holder\" style=\"background-image: url('https:\/\/www.vert-demain-paysage.com\/wp-content\/uploads\/2026\/04\/Cloture-La-Limouziniere-1-scaled.jpeg');\"><\/div>\r\n                                        <div class=\"exad-gallery-item-overlay exad-zoom-in\">\r\n                                            <div class=\"exad-gallery-item-overlay-content\">\r\n                                                                                            <div class=\"exad-fg-icons\">\r\n                                                \r\n                                                        <a href=\"https:\/\/www.vert-demain-paysage.com\/wp-content\/uploads\/2026\/04\/Cloture-La-Limouziniere-1-scaled.jpeg\" data-elementor-open-lightbox=\"default\" data-elementor-lightbox-slideshow=\"5f1de73\" data-elementor-lightbox-index=\"8\">\r\n                                                            <i aria-hidden=\"true\" class=\"fas fa-photo-video\"><\/i>                                                        <\/a>\r\n                                                                                                    <\/div>\r\n                                            <div class=\"exad-gallery-item-content\"><\/div>                                        <\/div>\r\n                                    <\/div>\r\n                                <\/div>\r\n                                                            <\/div>\r\n                        <\/div>\r\n                                                <div class=\"exad-gallery-item  exad-col-3\">\r\n                            <div class=\"exad-gallery-content-wrapper\">\r\n                                <div class=\"exad-gallery-image\">\r\n                                \r\n                                    <div class=\"exad-gallery-thumbnail-holder\" style=\"background-image: url('https:\/\/www.vert-demain-paysage.com\/wp-content\/uploads\/2026\/04\/Apres-Pont-St-Martin-scaled.jpeg');\"><\/div>\r\n                                        <div class=\"exad-gallery-item-overlay exad-zoom-in\">\r\n                                            <div class=\"exad-gallery-item-overlay-content\">\r\n                                                                                            <div class=\"exad-fg-icons\">\r\n                                                \r\n                                                        <a href=\"https:\/\/www.vert-demain-paysage.com\/wp-content\/uploads\/2026\/04\/Apres-Pont-St-Martin-scaled.jpeg\" data-elementor-open-lightbox=\"default\" data-elementor-lightbox-slideshow=\"5f1de73\" data-elementor-lightbox-index=\"9\">\r\n                                                            <i aria-hidden=\"true\" class=\"fas fa-photo-video\"><\/i>                                                        <\/a>\r\n                                                                                                    <\/div>\r\n                                            <div class=\"exad-gallery-item-content\"><\/div>                                        <\/div>\r\n                                    <\/div>\r\n                                <\/div>\r\n                                                            <\/div>\r\n                        <\/div>\r\n                                        <\/div>\r\n            <\/div>\r\n        <\/div>\r\n        \t\t\t\t<\/div>\n\t\t\t\t<\/div>\n\t\t\t\t\t<\/div>\n\t\t<\/div>\n\t\t\t\t\t<\/div>\n\t\t<\/section>\n\t\t\t\t<\/div>\n\t\t","protected":false},"excerpt":{"rendered":"<p>Nos R\u00e9alisations Accueil R\u00e9alisations Toutes Nos R\u00e9alisations<\/p>\n","protected":false},"author":1,"featured_media":0,"parent":0,"menu_order":0,"comment_status":"closed","ping_status":"closed","template":"","meta":{"footnotes":""},"class_list":["post-1422","page","type-page","status-publish","hentry"],"_links":{"self":[{"href":"https:\/\/www.vert-demain-paysage.com\/index.php?rest_route=\/wp\/v2\/pages\/1422","targetHints":{"allow":["GET"]}}],"collection":[{"href":"https:\/\/www.vert-demain-paysage.com\/index.php?rest_route=\/wp\/v2\/pages"}],"about":[{"href":"https:\/\/www.vert-demain-paysage.com\/index.php?rest_route=\/wp\/v2\/types\/page"}],"author":[{"embeddable":true,"href":"https:\/\/www.vert-demain-paysage.com\/index.php?rest_route=\/wp\/v2\/users\/1"}],"replies":[{"embeddable":true,"href":"https:\/\/www.vert-demain-paysage.com\/index.php?rest_route=%2Fwp%2Fv2%2Fcomments&post=1422"}],"version-history":[{"count":54,"href":"https:\/\/www.vert-demain-paysage.com\/index.php?rest_route=\/wp\/v2\/pages\/1422\/revisions"}],"predecessor-version":[{"id":2174,"href":"https:\/\/www.vert-demain-paysage.com\/index.php?rest_route=\/wp\/v2\/pages\/1422\/revisions\/2174"}],"wp:attachment":[{"href":"https:\/\/www.vert-demain-paysage.com\/index.php?rest_route=%2Fwp%2Fv2%2Fmedia&parent=1422"}],"curies":[{"name":"wp","href":"https:\/\/api.w.org\/{rel}","templated":true}]}}